{"id":51,"date":"2017-12-28T13:25:09","date_gmt":"2017-12-28T12:25:09","guid":{"rendered":"http:\/\/messaje-international.com\/belgique\/?page_id=51"},"modified":"2026-03-07T12:05:17","modified_gmt":"2026-03-07T11:05:17","slug":"groupes-en-chemin","status":"publish","type":"page","link":"https:\/\/messaje-international.com\/belgique\/groupes-en-chemin\/","title":{"rendered":"Groupes actuellement en route"},"content":{"rendered":"\n<p>Plusieurs groupes de base se rencontrent r\u00e9guli\u00e8rement en 2025-2026<\/p>\n\n\n<p><!-- OBSOLETE\n<\/p>\n\n\n<\/p>\n\n\n<ul class=\"wp-block-list\">\n<li><strong>Fl\u00e9ron, \u00e9cole du Bac<\/strong>: <em>Annette Koschnicke - Brigitte Dehin - Monique Maesen<\/em> <strong>4e&nbsp;Seuil<\/strong> (le mardi matin toutes les trois semaines)<\/li>\n\n\n\n<li><strong>Moresnet<\/strong> : <em>Annette Koschnicke - Monique Maesen<\/em>, <strong>rencontre d'inspiration Mess'Aje, <\/strong>le matin du 2e samedi du mois<\/li>\n\n\n\n<li><strong>Monast\u00e8re St Andr\u00e9 de Clerlande<\/strong> : Isabelle Pirlet et Yves Van Oost, <strong>2e seuil<\/strong> : <a href=\"https:\/\/messaje-international.com\/belgique\/wp-content\/uploads\/2024\/02\/Clerlande-mess-aje-2023-24-REVU.pdf\">programme<\/a><\/li>\n\n\n\n<li><strong>Li\u00e8ge, Espace Pr\u00e9montr\u00e9s<\/strong> : <em>Chantal Pirard et Michel Uyttendaele<\/em>, <strong>1er Seuil<\/strong>\n<ul class=\"wp-block-list\">\n<li>de 18h30 \u00e0 21h les mardis suivant :<\/li>\n\n\n\n<li>2024 : 16 janvier ; 6 f\u00e9vrier ; 19 mars ; 9 avril ; 21 mai ; 11 juin<\/li>\n<\/ul>\n<\/li>\n\n\n\n<li><strong>Li\u00e8ge, Espace Pr\u00e9montr\u00e9s<\/strong> : <em>Chantal Pirard et Michel Uyttendaele<\/em>, <strong>4e Seuil<\/strong><\/li>\n\n\n\n<li><strong>Fondacio Bruxelles<\/strong>&nbsp;:&nbsp;<em>Isabelle Pirlet<\/em>&nbsp;0472\/ 78 28 73&nbsp;et&nbsp;<em>Roland Dramais<\/em> : 0476\/649 220 <strong>4e Seuil<\/strong><\/li>\n\n\n\n<li><strong>Soleilmont<\/strong>&nbsp;:&nbsp;<em>Dany P\u00e2ques et Christine Andr\u00e9<\/em>&nbsp;:&nbsp;<strong>4e Seuil<\/strong>&nbsp;: Dany P\u00e2ques : 064\/55 62 02<\/li>\n\n\n\n<li><strong>Mesvin<\/strong>&nbsp;:&nbsp;<em>Dany P\u00e2ques et Anne Buysen<\/em>&nbsp;:&nbsp;<strong>4e Seuil<\/strong><\/li>\n\n\n\n<li><strong>La Louvi\u00e8re<\/strong>&nbsp;:&nbsp;<em>Dany&nbsp;P\u00e2ques<\/em>:&nbsp;<strong>4e Seuil<\/strong><\/li>\n\n\n\n<li><strong>Astenet-Lontzen, sanctuaire Caterina von Siena<\/strong>, <em>Margrete Offerman et Beatrix Koonen<\/em>, <strong>2e Seuil<\/strong><\/li>\n<\/ul>\n\n\n<p>OBSOLETE -->\n<ul>\n<li>Un 1er Seuil vient de d\u00e9marrer dans l\u2019UP de Soignies<\/li>\n<li>Un 1er Seuil est en cours \u00e0 l\u2019abbaye de Soleilmont ;<\/li>\n<li>Un 2e Seuil est en cours \u00e0 la Louvi\u00e8re ;<\/li>\n<li>Un 2e Seuil est en cours \u00e0 Mesvin ;<\/li>\n<li>Un 2e Seuil est en cours \u00e0 Moresnet :<\/li>\n<li>Un 3e Seuil est en cours \u00e0 l\u2019Espace Pr\u00e9montr\u00e9s de Li\u00e8ge (S\u00e9minaire) ;<\/li>\n<li>Un 3e Seuil en allemand est en cours \u00e0 Lontzen ;<\/li>\n<li>Un 4e Seuil est en cours \u00e0 Clerlande.<\/li>\n<\/ul>\n\n\n<p>Pour obtenir des renseignements \u00e0 propos de l&rsquo;un de ces groupes, n&rsquo;h\u00e9sitez pas \u00e0 <a href=\"https:\/\/messaje-international.com\/belgique\/contacts\/\">nous contacter<\/a>.<\/p>\n\n\n\n<p><\/p>\n","protected":false},"excerpt":{"rendered":"<p>Plusieurs groupes de base se rencontrent r\u00e9guli\u00e8rement en 2025-2026 Un 1er Seuil vient de d\u00e9marrer dans l\u2019UP de Soignies Un 1er Seuil est en cours \u00e0 l\u2019abbaye de Soleilmont ; Un 2e Seuil est&#46;&#46;&#46;<\/p>\n","protected":false},"author":1,"featured_media":0,"parent":0,"menu_order":0,"comment_status":"closed","ping_status":"closed","template":"","meta":{"footnotes":""},"class_list":["post-51","page","type-page","status-publish","hentry"],"_links":{"self":[{"href":"https:\/\/messaje-international.com\/belgique\/wp-json\/wp\/v2\/pages\/51","targetHints":{"allow":["GET"]}}],"collection":[{"href":"https:\/\/messaje-international.com\/belgique\/wp-json\/wp\/v2\/pages"}],"about":[{"href":"https:\/\/messaje-international.com\/belgique\/wp-json\/wp\/v2\/types\/page"}],"author":[{"embeddable":true,"href":"https:\/\/messaje-international.com\/belgique\/wp-json\/wp\/v2\/users\/1"}],"replies":[{"embeddable":true,"href":"https:\/\/messaje-international.com\/belgique\/wp-json\/wp\/v2\/comments?post=51"}],"version-history":[{"count":24,"href":"https:\/\/messaje-international.com\/belgique\/wp-json\/wp\/v2\/pages\/51\/revisions"}],"predecessor-version":[{"id":346,"href":"https:\/\/messaje-international.com\/belgique\/wp-json\/wp\/v2\/pages\/51\/revisions\/346"}],"wp:attachment":[{"href":"https:\/\/messaje-international.com\/belgique\/wp-json\/wp\/v2\/media?parent=51"}],"curies":[{"name":"wp","href":"https:\/\/api.w.org\/{rel}","templated":true}]}}