{"id":79,"date":"2017-12-28T14:50:28","date_gmt":"2017-12-28T13:50:28","guid":{"rendered":"http:\/\/messaje-international.com\/belgique\/?page_id=79"},"modified":"2026-03-10T19:47:45","modified_gmt":"2026-03-10T18:47:45","slug":"documents-de-travail","status":"publish","type":"page","link":"https:\/\/messaje-international.com\/belgique\/documents-de-travail\/","title":{"rendered":"Documents de travail"},"content":{"rendered":"<h2><em><span style=\"color: #ff0000;\">Quelques outils Mess&rsquo;AJE Belgique.<\/span><\/em><\/h2>\n<p>Notez <strong>un petit truc<\/strong> qui peut \u00eatre utile : un<strong>\u00a0clic droit<\/strong> sur le lien et le choix de l&rsquo;option ad\u00e9quate <strong>permettra de sauver<\/strong> ces documents sur votre ordinateur.<\/p>\n<h2>Pour faire conna\u00eetre les propositions Mess&rsquo;AJE<\/h2>\n<p><a href=\"https:\/\/messaje-international.com\/belgique\/wp-content\/uploads\/2023\/04\/Flyer-Messaje-2023.pdf\">Un flyer pr\u00e9sentant Mess&rsquo;AJE et ses propositions de parcours est disponible ici.<\/a><br \/>\n<!--\n\n\n<h2>Pourquoi est-ce important de conna\u00eetre un contexte historique ?<\/h2>\n\n\nPlut\u00f4t qu'une grande explication th\u00e9orique, la vid\u00e9o suivante permet d'illustrer de mani\u00e8re originale le besoin de conna\u00eetre le contexte historique.\n\n\n<ul>\n \t\n\n<li><a href=\"\/belgique\/docs\/Sarah.mp4\">Le bon roi Dagobert<\/a> :\u00a0Cette vid\u00e9o est tir\u00e9e de \"Ma th\u00e8se en 180 secondes\", \u00e9dition 2017.<\/li>\n\n\n<\/ul>\n\n\n\n\n<h2>Congr\u00e8s Mess'AJE au Hautmont 2017<\/h2>\n\n\n\n\n<h3><em><strong>Les documents imprimables de Philippe Abadie<\/strong><\/em><\/h3>\n\n\n(Rappel\u00a0 : un click droit sur le lien et le choix de l'option ad\u00e9quate permettra de sauver ces documents sur votre ordinateur)\n\n\n<ul>\n \t\n\n<li><a href=\"\/belgique\/docs\/Documents_pdf_audio\/Docs_PhAb_pdf\/1 R 3 et 2 Ch 1_texte.pdf\">1 R 3 et 2 Ch 1_texte.pdf<\/a><\/li>\n\n\n \t\n\n<li><a href=\"\/belgique\/docs\/Documents_pdf_audio\/Docs_PhAb_pdf\/2 S 7 et 1 Ch 17.pdf\">2 S 7 et 1 Ch 17.pdf<\/a><\/li>\n\n\n \t\n\n<li><a href=\"\/belgique\/docs\/Documents_pdf_audio\/Docs_PhAb_pdf\/Comment entendre le livre des Chroniques.pdf\">Comment entendre le livre des Chroniques.pdf<\/a><\/li>\n\n\n \t\n\n<li><a href=\"\/belgique\/docs\/Documents_pdf_audio\/Docs_PhAb_pdf\/Lecture de 1 R 3 et 2 Ch 1.pdf\">Lecture de 1 R 3 et 2 Ch 1.pdf<\/a><\/li>\n\n\n \t\n\n<li><a href=\"\/belgique\/docs\/Documents_pdf_audio\/Docs_PhAb_pdf\/Lecture de 2 S 7 et 1 Ch 17.pdf\">Lecture de 2 S 7 et 1 Ch 17.pdf<\/a><\/li>\n\n\n \t\n\n<li><a href=\"\/belgique\/docs\/Documents_pdf_audio\/Docs_PhAb_pdf\/Le songe de Gabaon.pdf\">Le songe de Gabaon.pdf<\/a><\/li>\n\n\n \t\n\n<li><a href=\"\/belgique\/docs\/Documents_pdf_audio\/Docs_PhAb_pdf\/Presentation des Chroniques.pdf\">Pr\u00e9sentation des Chroniques.pdf<\/a><\/li>\n\n\n<\/ul>\n\n\n\n\n<h3><em>Les enregistrements des interventions<\/em><\/h3>\n\n\n\n\n<ul>\n \t\n\n<li><a href=\"\/belgique\/docs\/Documents_pdf_audio\/audio\/1_MOG_1_part1_11nov17_AM.mp3\">1_MOG_1_part1_11nov17_AM.mp3<\/a><\/li>\n\n\n \t\n\n<li><a href=\"\/belgique\/docs\/Documents_pdf_audio\/audio\/2_MOG_1_part2_11nov17_AM.mp3\">2_MOG_1_part2_11nov17_AM.mp3<\/a><\/li>\n\n\n \t\n\n<li><a href=\"\/belgique\/docs\/Documents_pdf_audio\/audio\/3_PhAb_11nov17_AM.mp3\">3_PhAb_11nov17_AM.mp3<\/a><\/li>\n\n\n \t\n\n<li><a href=\"\/belgique\/docs\/Documents_pdf_audio\/audio\/4_JB_11nov17_AM.mp3\">4_JB_11nov17_AM.mp3<\/a><\/li>\n\n\n \t\n\n<li><a href=\"\/belgique\/docs\/Documents_pdf_audio\/audio\/5_Q-A_11nov17_AM.mp3\">5_Q-A_11nov17_AM.mp3<\/a><\/li>\n\n\n \t\n\n<li><a href=\"\/belgique\/docs\/Documents_pdf_audio\/audio\/6_MOG_11nov17_PM.mp3\">6_MOG_11nov17_PM.mp3<\/a><\/li>\n\n\n \t\n\n<li><a href=\"\/belgique\/docs\/Documents_pdf_audio\/audio\/7_PhAb_11nov17_PM.mp3\">7_PhAb_11nov17_PM.mp3<\/a><\/li>\n\n\n \t\n\n<li><a href=\"\/belgique\/docs\/Documents_pdf_audio\/audio\/8_PhAb_Q-A_11nov17_PM.mp3\">8_PhAb_Q-A_11nov17_PM.mp3<\/a><\/li>\n\n\n \t\n\n<li><a href=\"\/belgique\/docs\/Documents_pdf_audio\/audio\/9_JB_11nov17_PM.mp3\">9_JB_11nov17_PM.mp3<\/a><\/li>\n\n\n \t\n\n<li><a href=\"\/belgique\/docs\/Documents_pdf_audio\/audio\/10_PhAb_Q-A_11nov17_PM.mp3\">10_PhAb_Q-A_11nov17_PM.mp3<\/a><\/li>\n\n\n \t\n\n<li><a href=\"\/belgique\/docs\/Documents_pdf_audio\/audio\/11_PhAb_Q-A_2_11nov17_PM.mp3\">11_PhAb_Q-A_2_11nov17_PM.mp3<\/a><\/li>\n\n\n \t\n\n<li><a href=\"\/belgique\/docs\/Documents_pdf_audio\/audio\/12_PhAb _Q-A_3_11nov17_PM.mp3\">12_PhAb _Q-A_3_11nov17_PM.mp3<\/a><\/li>\n\n\n \t\n\n<li><a href=\"\/belgique\/docs\/Documents_pdf_audio\/audio\/13_MOG_12nov17.mp3\">13_MOG_12nov17.mp3<\/a><\/li>\n\n\n \t\n\n<li><a href=\"\/belgique\/docs\/Documents_pdf_audio\/audio\/14_PhAb_12nov17.mp3\">14_PhAb_12nov17.mp3<\/a><\/li>\n\n\n \t\n\n<li><a href=\"\/belgique\/docs\/Documents_pdf_audio\/audio\/15_JB_12nov17.mp3\">15_JB_12nov17.mp3<\/a><\/li>\n\n\n<\/ul>\n\n\n--><\/p>\n","protected":false},"excerpt":{"rendered":"<p>Quelques outils Mess&rsquo;AJE Belgique. Notez un petit truc qui peut \u00eatre utile : un\u00a0clic droit sur le lien et le choix de l&rsquo;option ad\u00e9quate permettra de sauver ces documents sur votre ordinateur. Pour faire&#46;&#46;&#46;<\/p>\n","protected":false},"author":1,"featured_media":0,"parent":0,"menu_order":0,"comment_status":"closed","ping_status":"closed","template":"","meta":{"footnotes":""},"class_list":["post-79","page","type-page","status-publish","hentry"],"_links":{"self":[{"href":"https:\/\/messaje-international.com\/belgique\/wp-json\/wp\/v2\/pages\/79","targetHints":{"allow":["GET"]}}],"collection":[{"href":"https:\/\/messaje-international.com\/belgique\/wp-json\/wp\/v2\/pages"}],"about":[{"href":"https:\/\/messaje-international.com\/belgique\/wp-json\/wp\/v2\/types\/page"}],"author":[{"embeddable":true,"href":"https:\/\/messaje-international.com\/belgique\/wp-json\/wp\/v2\/users\/1"}],"replies":[{"embeddable":true,"href":"https:\/\/messaje-international.com\/belgique\/wp-json\/wp\/v2\/comments?post=79"}],"version-history":[{"count":20,"href":"https:\/\/messaje-international.com\/belgique\/wp-json\/wp\/v2\/pages\/79\/revisions"}],"predecessor-version":[{"id":409,"href":"https:\/\/messaje-international.com\/belgique\/wp-json\/wp\/v2\/pages\/79\/revisions\/409"}],"wp:attachment":[{"href":"https:\/\/messaje-international.com\/belgique\/wp-json\/wp\/v2\/media?parent=79"}],"curies":[{"name":"wp","href":"https:\/\/api.w.org\/{rel}","templated":true}]}}